{"id":26701,"date":"2025-09-01T14:27:21","date_gmt":"2025-09-01T07:27:21","guid":{"rendered":"https:\/\/maihistoria.com\/?post_type=product&#038;p=26701"},"modified":"2025-09-01T14:34:06","modified_gmt":"2025-09-01T07:34:06","slug":"set-vong-kyanite","status":"publish","type":"product","link":"https:\/\/maihistoria.com\/en\/san-pham\/set-vong-kyanite\/","title":{"rendered":"Set v\u00f2ng Kyanite"},"content":{"rendered":"","protected":false},"excerpt":{"rendered":"<p>Ch\u1ea5t li\u1ec7u: Kyanite<\/p>\n<p>S\u1eafc xanh s\u00e2u th\u1eb3m c\u1ee7a Kyanite g\u1ee3i l\u00ean c\u1ea3m gi\u00e1c b\u00ecnh y\u00ean v\u00e0 thanh l\u1ecbch. V\u1edbi thi\u1ebft k\u1ebf t\u1ed1i gi\u1ea3n, set v\u00f2ng g\u1ed3m d\u00e2y chuy\u1ec1n v\u00e0 v\u00f2ng tay n\u00e0y s\u1ebd l\u00e0 \u0111i\u1ec3m nh\u1ea5n nh\u1eb9 nh\u00e0ng nh\u01b0ng \u0111\u1ea7y tinh t\u1ebf cho phong c\u00e1ch h\u1eb1ng ng\u00e0y c\u1ee7a b\u1ea1n.<\/p>\n","protected":false},"featured_media":26712,"comment_status":"open","ping_status":"closed","template":"","meta":{"_et_pb_use_builder":"","_et_pb_old_content":"","_et_gb_content_width":"","wds_primary_product_cat":0},"product_cat":[56,57,54],"product_tag":[],"_links":{"self":[{"href":"https:\/\/maihistoria.com\/en\/wp-json\/wp\/v2\/product\/26701"}],"collection":[{"href":"https:\/\/maihistoria.com\/en\/wp-json\/wp\/v2\/product"}],"about":[{"href":"https:\/\/maihistoria.com\/en\/wp-json\/wp\/v2\/types\/product"}],"replies":[{"embeddable":true,"href":"https:\/\/maihistoria.com\/en\/wp-json\/wp\/v2\/comments?post=26701"}],"wp:featuredmedia":[{"embeddable":true,"href":"https:\/\/maihistoria.com\/en\/wp-json\/wp\/v2\/media\/26712"}],"wp:attachment":[{"href":"https:\/\/maihistoria.com\/en\/wp-json\/wp\/v2\/media?parent=26701"}],"wp:term":[{"taxonomy":"product_cat","embeddable":true,"href":"https:\/\/maihistoria.com\/en\/wp-json\/wp\/v2\/product_cat?post=26701"},{"taxonomy":"product_tag","embeddable":true,"href":"https:\/\/maihistoria.com\/en\/wp-json\/wp\/v2\/product_tag?post=26701"}],"curies":[{"name":"wp","href":"https:\/\/api.w.org\/{rel}","templated":true}]}}