{"id":26814,"date":"2025-09-01T14:33:29","date_gmt":"2025-09-01T07:33:29","guid":{"rendered":"https:\/\/maihistoria.com\/?post_type=product&#038;p=26814"},"modified":"2025-09-01T14:33:29","modified_gmt":"2025-09-01T07:33:29","slug":"set-vong-beryl","status":"publish","type":"product","link":"https:\/\/maihistoria.com\/en\/san-pham\/set-vong-beryl\/","title":{"rendered":"Set v\u00f2ng Beryl"},"content":{"rendered":"","protected":false},"excerpt":{"rendered":"<p>Ch\u1ea5t li\u1ec7u: Beryl<\/p>\n<p>S\u1ef1 k\u1ebft h\u1ee3p h\u00e0i h\u00f2a gi\u1eefa s\u1eafc xanh v\u00e0 h\u1ed3ng pastel t\u1ea1o n\u00ean v\u1ebb \u0111\u1eb9p nh\u1eb9 nh\u00e0ng, thanh tho\u00e1t cho Set v\u00f2ng Beryl. V\u1edbi hai v\u00f2ng tay \u2013 m\u1ed9t \u0111i\u1ec3m xuy\u1ebft b\u1ea1c thanh l\u1ecbch, m\u1ed9t l\u1ea5p l\u00e1nh \u00e1nh v\u00e0ng \u1ea5m \u00e1p \u2013 b\u1ea1n c\u00f3 th\u1ec3 linh ho\u1ea1t ph\u1ed1i c\u00f9ng nhi\u1ec1u phong c\u00e1ch kh\u00e1c nhau.<\/p>\n<p>M\u1ed9t ch\u00fat trong tr\u1ebbo, m\u1ed9t ch\u00fat n\u1eef t\u00ednh \u2013 set v\u00f2ng n\u00e0y ch\u1eafc ch\u1eafn s\u1ebd l\u00e0 \u0111i\u1ec3m nh\u1ea5n ng\u1ecdt ng\u00e0o cho nh\u1eefng ai y\u00eau th\u00edch s\u1ef1 tinh t\u1ebf.<\/p>\n","protected":false},"featured_media":26732,"comment_status":"open","ping_status":"closed","template":"","meta":{"_et_pb_use_builder":"","_et_pb_old_content":"","_et_gb_content_width":"","wds_primary_product_cat":0},"product_cat":[56,54],"product_tag":[],"_links":{"self":[{"href":"https:\/\/maihistoria.com\/en\/wp-json\/wp\/v2\/product\/26814"}],"collection":[{"href":"https:\/\/maihistoria.com\/en\/wp-json\/wp\/v2\/product"}],"about":[{"href":"https:\/\/maihistoria.com\/en\/wp-json\/wp\/v2\/types\/product"}],"replies":[{"embeddable":true,"href":"https:\/\/maihistoria.com\/en\/wp-json\/wp\/v2\/comments?post=26814"}],"wp:featuredmedia":[{"embeddable":true,"href":"https:\/\/maihistoria.com\/en\/wp-json\/wp\/v2\/media\/26732"}],"wp:attachment":[{"href":"https:\/\/maihistoria.com\/en\/wp-json\/wp\/v2\/media?parent=26814"}],"wp:term":[{"taxonomy":"product_cat","embeddable":true,"href":"https:\/\/maihistoria.com\/en\/wp-json\/wp\/v2\/product_cat?post=26814"},{"taxonomy":"product_tag","embeddable":true,"href":"https:\/\/maihistoria.com\/en\/wp-json\/wp\/v2\/product_tag?post=26814"}],"curies":[{"name":"wp","href":"https:\/\/api.w.org\/{rel}","templated":true}]}}