{"id":26815,"date":"2025-09-01T14:36:53","date_gmt":"2025-09-01T07:36:53","guid":{"rendered":"https:\/\/maihistoria.com\/?post_type=product&#038;p=26815"},"modified":"2025-09-01T14:36:53","modified_gmt":"2025-09-01T07:36:53","slug":"set-vong-turquoise","status":"publish","type":"product","link":"https:\/\/maihistoria.com\/en\/san-pham\/set-vong-turquoise\/","title":{"rendered":"Set v\u00f2ng Turquoise"},"content":{"rendered":"","protected":false},"excerpt":{"rendered":"<p>Ch\u1ea5t li\u1ec7u:\u00a0\u0110\u00e1 Turquoise<\/p>\n<p>M\u00e0u xanh t\u01b0\u01a1i m\u00e1t c\u1ee7a \u0111\u00e1 Turquoise mang \u0111\u1ebfn c\u1ea3m gi\u00e1c ph\u00f3ng kho\u00e1ng v\u00e0 tr\u00e0n \u0111\u1ea7y n\u0103ng l\u01b0\u1ee3ng. V\u1edbi thi\u1ebft k\u1ebf \u0111\u01a1n gi\u1ea3n t\u1eeb nh\u1eefng h\u1ea1t tr\u00f2n nh\u1ecf, set v\u00f2ng g\u1ed3m d\u00e2y chuy\u1ec1n v\u00e0 v\u00f2ng tay n\u00e0y s\u1ebd l\u00e0 l\u1ef1a ch\u1ecdn ho\u00e0n h\u1ea3o \u0111\u1ec3 t\u1ea1o \u0111i\u1ec3m nh\u1ea5n cho nh\u1eefng c\u00f4 n\u00e0ng c\u00e1 t\u00ednh.<\/p>\n","protected":false},"featured_media":26726,"comment_status":"open","ping_status":"closed","template":"","meta":{"_et_pb_use_builder":"","_et_pb_old_content":"","_et_gb_content_width":"","wds_primary_product_cat":0},"product_cat":[56,57,54],"product_tag":[],"_links":{"self":[{"href":"https:\/\/maihistoria.com\/en\/wp-json\/wp\/v2\/product\/26815"}],"collection":[{"href":"https:\/\/maihistoria.com\/en\/wp-json\/wp\/v2\/product"}],"about":[{"href":"https:\/\/maihistoria.com\/en\/wp-json\/wp\/v2\/types\/product"}],"replies":[{"embeddable":true,"href":"https:\/\/maihistoria.com\/en\/wp-json\/wp\/v2\/comments?post=26815"}],"wp:featuredmedia":[{"embeddable":true,"href":"https:\/\/maihistoria.com\/en\/wp-json\/wp\/v2\/media\/26726"}],"wp:attachment":[{"href":"https:\/\/maihistoria.com\/en\/wp-json\/wp\/v2\/media?parent=26815"}],"wp:term":[{"taxonomy":"product_cat","embeddable":true,"href":"https:\/\/maihistoria.com\/en\/wp-json\/wp\/v2\/product_cat?post=26815"},{"taxonomy":"product_tag","embeddable":true,"href":"https:\/\/maihistoria.com\/en\/wp-json\/wp\/v2\/product_tag?post=26815"}],"curies":[{"name":"wp","href":"https:\/\/api.w.org\/{rel}","templated":true}]}}