{"id":26816,"date":"2025-09-01T14:44:34","date_gmt":"2025-09-01T07:44:34","guid":{"rendered":"https:\/\/maihistoria.com\/?post_type=product&#038;p=26816"},"modified":"2025-09-01T14:44:35","modified_gmt":"2025-09-01T07:44:35","slug":"set-vong-tourmaline-den","status":"publish","type":"product","link":"https:\/\/maihistoria.com\/en\/san-pham\/set-vong-tourmaline-den\/","title":{"rendered":"Set v\u00f2ng Tourmaline \u0110en"},"content":{"rendered":"","protected":false},"excerpt":{"rendered":"<p>Ch\u1ea5t li\u1ec7u: Tourmaline \u0110en<\/p>\n<p>S\u1eafc \u0111en huy\u1ec1n b\u00ed c\u1ee7a Tourmaline \u0110en mang \u0111\u1ebfn c\u1ea3m gi\u00e1c m\u1ea1nh m\u1ebd v\u00e0 \u0111\u1ea7y cu\u1ed1n h\u00fat. Set v\u00f2ng n\u00e0y d\u1ec5 d\u00e0ng k\u1ebft h\u1ee3p v\u1edbi m\u1ecdi phong c\u00e1ch, t\u1eeb th\u01b0\u1eddng ng\u00e0y \u0111\u1ebfn thanh l\u1ecbch.<\/p>\n<p>M\u1ed9t l\u1ef1a ch\u1ecdn ho\u00e0n h\u1ea3o cho nh\u1eefng ai y\u00eau th\u00edch s\u1ef1 t\u1ed1i gi\u1ea3n nh\u01b0ng v\u1eabn \u0111\u1ea7y c\u00e1 t\u00ednh.<\/p>\n","protected":false},"featured_media":26730,"comment_status":"open","ping_status":"closed","template":"","meta":{"_et_pb_use_builder":"","_et_pb_old_content":"","_et_gb_content_width":"","wds_primary_product_cat":0},"product_cat":[56,54],"product_tag":[],"_links":{"self":[{"href":"https:\/\/maihistoria.com\/en\/wp-json\/wp\/v2\/product\/26816"}],"collection":[{"href":"https:\/\/maihistoria.com\/en\/wp-json\/wp\/v2\/product"}],"about":[{"href":"https:\/\/maihistoria.com\/en\/wp-json\/wp\/v2\/types\/product"}],"replies":[{"embeddable":true,"href":"https:\/\/maihistoria.com\/en\/wp-json\/wp\/v2\/comments?post=26816"}],"wp:featuredmedia":[{"embeddable":true,"href":"https:\/\/maihistoria.com\/en\/wp-json\/wp\/v2\/media\/26730"}],"wp:attachment":[{"href":"https:\/\/maihistoria.com\/en\/wp-json\/wp\/v2\/media?parent=26816"}],"wp:term":[{"taxonomy":"product_cat","embeddable":true,"href":"https:\/\/maihistoria.com\/en\/wp-json\/wp\/v2\/product_cat?post=26816"},{"taxonomy":"product_tag","embeddable":true,"href":"https:\/\/maihistoria.com\/en\/wp-json\/wp\/v2\/product_tag?post=26816"}],"curies":[{"name":"wp","href":"https:\/\/api.w.org\/{rel}","templated":true}]}}