{"id":26817,"date":"2025-09-01T14:52:38","date_gmt":"2025-09-01T07:52:38","guid":{"rendered":"https:\/\/maihistoria.com\/?post_type=product&#038;p=26817"},"modified":"2025-09-01T14:52:38","modified_gmt":"2025-09-01T07:52:38","slug":"set-vong-amethyst","status":"publish","type":"product","link":"https:\/\/maihistoria.com\/en\/san-pham\/set-vong-amethyst\/","title":{"rendered":"Set v\u00f2ng Amethyst"},"content":{"rendered":"","protected":false},"excerpt":{"rendered":"<p>Ch\u1ea5t li\u1ec7u: Amethyst<\/p>\n<p>S\u1eafc t\u00edm huy\u1ec1n b\u00ed c\u1ee7a Amethyst mang l\u1ea1i c\u1ea3m gi\u00e1c b\u00ecnh y\u00ean v\u00e0 s\u00e2u l\u1eafng. \u0110\u01b0\u1ee3c xem l\u00e0 vi\u00ean \u0111\u00e1 c\u1ee7a s\u1ef1 t\u0129nh l\u1eb7ng, Amethyst gi\u00fap b\u1ea1n gi\u1eef v\u1eefng t\u00e2m tr\u00ed gi\u1eefa nh\u1ecbp s\u1ed1ng h\u1ed1i h\u1ea3.<\/p>\n<p>C\u00e1c n\u00e0ng th\u01a1 \u0111\u1eebng qu\u00ean s\u1eafm ngay m\u1ed9t chi\u1ebfc v\u00f2ng v\u1ec1 cho t\u1ee7 trang s\u1ee9c c\u1ee7a m\u00ecnh nh\u00e9.<\/p>\n","protected":false},"featured_media":26760,"comment_status":"open","ping_status":"closed","template":"","meta":{"_et_pb_use_builder":"","_et_pb_old_content":"","_et_gb_content_width":"","wds_primary_product_cat":0},"product_cat":[56,57,54],"product_tag":[],"_links":{"self":[{"href":"https:\/\/maihistoria.com\/en\/wp-json\/wp\/v2\/product\/26817"}],"collection":[{"href":"https:\/\/maihistoria.com\/en\/wp-json\/wp\/v2\/product"}],"about":[{"href":"https:\/\/maihistoria.com\/en\/wp-json\/wp\/v2\/types\/product"}],"replies":[{"embeddable":true,"href":"https:\/\/maihistoria.com\/en\/wp-json\/wp\/v2\/comments?post=26817"}],"wp:featuredmedia":[{"embeddable":true,"href":"https:\/\/maihistoria.com\/en\/wp-json\/wp\/v2\/media\/26760"}],"wp:attachment":[{"href":"https:\/\/maihistoria.com\/en\/wp-json\/wp\/v2\/media?parent=26817"}],"wp:term":[{"taxonomy":"product_cat","embeddable":true,"href":"https:\/\/maihistoria.com\/en\/wp-json\/wp\/v2\/product_cat?post=26817"},{"taxonomy":"product_tag","embeddable":true,"href":"https:\/\/maihistoria.com\/en\/wp-json\/wp\/v2\/product_tag?post=26817"}],"curies":[{"name":"wp","href":"https:\/\/api.w.org\/{rel}","templated":true}]}}