{"id":26818,"date":"2025-09-01T14:55:20","date_gmt":"2025-09-01T07:55:20","guid":{"rendered":"https:\/\/maihistoria.com\/?post_type=product&#038;p=26818"},"modified":"2025-09-01T14:55:20","modified_gmt":"2025-09-01T07:55:20","slug":"vong-tay-iolite","status":"publish","type":"product","link":"https:\/\/maihistoria.com\/en\/san-pham\/vong-tay-iolite\/","title":{"rendered":"V\u00f2ng tay Iolite"},"content":{"rendered":"","protected":false},"excerpt":{"rendered":"<p>Ch\u1ea5t li\u1ec7u: Iolite<\/p>\n<p>S\u1eafc t\u00edm x\u00e1m c\u1ee7a Iolite mang \u0111\u1ebfn c\u1ea3m gi\u00e1c \u0111\u1ea7y s\u00e2u l\u1eafng v\u00e0 cu\u1ed1n h\u00fat. \u0110\u01b0\u1ee3c bi\u1ebft \u0111\u1ebfn nh\u01b0 \u201cvi\u00ean \u0111\u00e1 c\u1ee7a s\u1ef1 \u0111\u1ecbnh h\u01b0\u1edbng\u201d, Iolite t\u1eebng \u0111\u01b0\u1ee3c c\u00e1c th\u1ee7y th\u1ee7 Viking s\u1eed d\u1ee5ng \u0111\u1ec3 x\u00e1c \u0111\u1ecbnh ph\u01b0\u01a1ng h\u01b0\u1edbng tr\u00ean \u0111\u1ea1i d\u01b0\u01a1ng \u2728<\/p>\n<p>N\u1ebfu b\u1ea1n h\u1ee9ng th\u00fa v\u1edbi lo\u1ea1i \u0111\u00e1 n\u00e0y, h\u00e3y th\u00eam s\u1eafc t\u00edm tr\u1ea7m n\u00e0y v\u00e0o b\u1ed9 s\u01b0u t\u1eadp c\u1ee7a b\u1ea1n ngay h\u00f4m nay nh\u00e9.<\/p>\n","protected":false},"featured_media":26766,"comment_status":"open","ping_status":"closed","template":"","meta":{"_et_pb_use_builder":"","_et_pb_old_content":"","_et_gb_content_width":"","wds_primary_product_cat":0},"product_cat":[56,57],"product_tag":[],"_links":{"self":[{"href":"https:\/\/maihistoria.com\/en\/wp-json\/wp\/v2\/product\/26818"}],"collection":[{"href":"https:\/\/maihistoria.com\/en\/wp-json\/wp\/v2\/product"}],"about":[{"href":"https:\/\/maihistoria.com\/en\/wp-json\/wp\/v2\/types\/product"}],"replies":[{"embeddable":true,"href":"https:\/\/maihistoria.com\/en\/wp-json\/wp\/v2\/comments?post=26818"}],"wp:featuredmedia":[{"embeddable":true,"href":"https:\/\/maihistoria.com\/en\/wp-json\/wp\/v2\/media\/26766"}],"wp:attachment":[{"href":"https:\/\/maihistoria.com\/en\/wp-json\/wp\/v2\/media?parent=26818"}],"wp:term":[{"taxonomy":"product_cat","embeddable":true,"href":"https:\/\/maihistoria.com\/en\/wp-json\/wp\/v2\/product_cat?post=26818"},{"taxonomy":"product_tag","embeddable":true,"href":"https:\/\/maihistoria.com\/en\/wp-json\/wp\/v2\/product_tag?post=26818"}],"curies":[{"name":"wp","href":"https:\/\/api.w.org\/{rel}","templated":true}]}}