{"id":26819,"date":"2025-09-01T14:57:39","date_gmt":"2025-09-01T07:57:39","guid":{"rendered":"https:\/\/maihistoria.com\/?post_type=product&#038;p=26819"},"modified":"2025-09-01T14:57:40","modified_gmt":"2025-09-01T07:57:40","slug":"set-vong-diopside","status":"publish","type":"product","link":"https:\/\/maihistoria.com\/en\/san-pham\/set-vong-diopside\/","title":{"rendered":"Set v\u00f2ng Diopside"},"content":{"rendered":"","protected":false},"excerpt":{"rendered":"<p>Ch\u1ea5t li\u1ec7u: Diopside<\/p>\n<p>S\u1eafc xanh t\u01b0\u01a1i m\u00e1t c\u1ee7a Diopside g\u1ee3i l\u00ean h\u00ecnh \u1ea3nh nh\u1eefng t\u00e1n l\u00e1 c\u0103ng tr\u00e0n s\u1ee9c s\u1ed1ng sau c\u01a1n m\u01b0a. \u0110\u01b0\u1ee3c xem l\u00e0 vi\u00ean \u0111\u00e1 c\u1ee7a s\u1ef1 ch\u1eefa l\u00e0nh v\u00e0 c\u00e2n b\u1eb1ng, Diopside mang \u0111\u1ebfn ngu\u1ed3n n\u0103ng l\u01b0\u1ee3ng d\u1ecbu d\u00e0ng, gi\u00fap t\u00e2m tr\u00ed th\u01b0 th\u00e1i h\u01a1n. Set v\u00f2ng g\u1ed3m d\u00e2y chuy\u1ec1n v\u00e0 v\u00f2ng tay, thi\u1ebft k\u1ebf nh\u1ecf nh\u1eafn, d\u1ec5 d\u00e0ng k\u1ebft h\u1ee3p v\u1edbi m\u1ecdi trang ph\u1ee5c h\u00e0ng ng\u00e0y.<\/p>\n<p>M\u1ed9t l\u1ef1a ch\u1ecdn ho\u00e0n h\u1ea3o cho nh\u1eefng ai y\u00eau th\u00edch v\u1ebb \u0111\u1eb9p t\u1ef1 nhi\u00ean v\u00e0 nh\u1eb9 nh\u00e0ng.<\/p>\n","protected":false},"featured_media":26752,"comment_status":"open","ping_status":"closed","template":"","meta":{"_et_pb_use_builder":"","_et_pb_old_content":"","_et_gb_content_width":"","wds_primary_product_cat":0},"product_cat":[56,57,54],"product_tag":[],"_links":{"self":[{"href":"https:\/\/maihistoria.com\/en\/wp-json\/wp\/v2\/product\/26819"}],"collection":[{"href":"https:\/\/maihistoria.com\/en\/wp-json\/wp\/v2\/product"}],"about":[{"href":"https:\/\/maihistoria.com\/en\/wp-json\/wp\/v2\/types\/product"}],"replies":[{"embeddable":true,"href":"https:\/\/maihistoria.com\/en\/wp-json\/wp\/v2\/comments?post=26819"}],"wp:featuredmedia":[{"embeddable":true,"href":"https:\/\/maihistoria.com\/en\/wp-json\/wp\/v2\/media\/26752"}],"wp:attachment":[{"href":"https:\/\/maihistoria.com\/en\/wp-json\/wp\/v2\/media?parent=26819"}],"wp:term":[{"taxonomy":"product_cat","embeddable":true,"href":"https:\/\/maihistoria.com\/en\/wp-json\/wp\/v2\/product_cat?post=26819"},{"taxonomy":"product_tag","embeddable":true,"href":"https:\/\/maihistoria.com\/en\/wp-json\/wp\/v2\/product_tag?post=26819"}],"curies":[{"name":"wp","href":"https:\/\/api.w.org\/{rel}","templated":true}]}}