{"id":26820,"date":"2025-09-01T17:02:11","date_gmt":"2025-09-01T10:02:11","guid":{"rendered":"https:\/\/maihistoria.com\/?post_type=product&#038;p=26820"},"modified":"2025-09-01T17:02:11","modified_gmt":"2025-09-01T10:02:11","slug":"set-vong-amethyst-2","status":"publish","type":"product","link":"https:\/\/maihistoria.com\/en\/san-pham\/set-vong-amethyst-2\/","title":{"rendered":"Set v\u00f2ng Amethyst 2"},"content":{"rendered":"","protected":false},"excerpt":{"rendered":"<p>Ch\u1ea5t li\u1ec7u: Amethyst<\/p>\n<p>Chi\u1ebfc v\u00f2ng tay d\u1ea1ng chu\u1ed7i d\u00e0i c\u00f3 th\u1ec3 qu\u1ea5n nhi\u1ec1u v\u00f2ng quanh c\u1ed5 tay, t\u1ea1o hi\u1ec7u \u1ee9ng x\u1ebfp l\u1edbp tinh t\u1ebf. Khi k\u1ebft h\u1ee3p c\u00f9ng d\u00e2y chuy\u1ec1n Amethyst, t\u1ed5ng th\u1ec3 tr\u1edf n\u00ean h\u00e0i h\u00f2a, v\u1eeba thanh l\u1ecbch v\u1eeba c\u00f3 ch\u00fat ph\u00f3ng kho\u00e1ng.<\/p>\n","protected":false},"featured_media":26774,"comment_status":"open","ping_status":"closed","template":"","meta":{"_et_pb_use_builder":"","_et_pb_old_content":"","_et_gb_content_width":"","wds_primary_product_cat":0},"product_cat":[57,54],"product_tag":[],"_links":{"self":[{"href":"https:\/\/maihistoria.com\/en\/wp-json\/wp\/v2\/product\/26820"}],"collection":[{"href":"https:\/\/maihistoria.com\/en\/wp-json\/wp\/v2\/product"}],"about":[{"href":"https:\/\/maihistoria.com\/en\/wp-json\/wp\/v2\/types\/product"}],"replies":[{"embeddable":true,"href":"https:\/\/maihistoria.com\/en\/wp-json\/wp\/v2\/comments?post=26820"}],"wp:featuredmedia":[{"embeddable":true,"href":"https:\/\/maihistoria.com\/en\/wp-json\/wp\/v2\/media\/26774"}],"wp:attachment":[{"href":"https:\/\/maihistoria.com\/en\/wp-json\/wp\/v2\/media?parent=26820"}],"wp:term":[{"taxonomy":"product_cat","embeddable":true,"href":"https:\/\/maihistoria.com\/en\/wp-json\/wp\/v2\/product_cat?post=26820"},{"taxonomy":"product_tag","embeddable":true,"href":"https:\/\/maihistoria.com\/en\/wp-json\/wp\/v2\/product_tag?post=26820"}],"curies":[{"name":"wp","href":"https:\/\/api.w.org\/{rel}","templated":true}]}}