{"id":26821,"date":"2025-09-01T17:06:51","date_gmt":"2025-09-01T10:06:51","guid":{"rendered":"https:\/\/maihistoria.com\/?post_type=product&#038;p=26821"},"modified":"2025-09-01T17:06:51","modified_gmt":"2025-09-01T10:06:51","slug":"san-pham-set-vong-tourmaline-cau-vong","status":"publish","type":"product","link":"https:\/\/maihistoria.com\/en\/san-pham\/san-pham-set-vong-tourmaline-cau-vong\/","title":{"rendered":"S\u1ea3n ph\u1ea9m: Set v\u00f2ng Tourmaline c\u1ea7u v\u1ed3ng"},"content":{"rendered":"","protected":false},"excerpt":{"rendered":"<p>Ch\u1ea5t li\u1ec7u: Tourmaline<\/p>\n<p>S\u1ef1 k\u1ebft h\u1ee3p c\u1ee7a nh\u1eefng gam m\u00e0u h\u1ed3ng, cam, xanh l\u00e1 v\u00e0 xanh lam t\u1ea1o n\u00ean m\u1ed9t b\u1ea3ng m\u00e0u t\u01b0\u01a1i t\u1eafn v\u00e0 \u0111\u1ea7y s\u1ee9c s\u1ed1ng. Tourmaline c\u1ea7u v\u1ed3ng mang \u0111\u1ebfn c\u1ea3m gi\u00e1c tr\u1ebb trung, ph\u00f3ng kho\u00e1ng, ph\u00f9 h\u1ee3p v\u1edbi nh\u1eefng ai y\u00eau th\u00edch s\u1ef1 \u0111a d\u1ea1ng trong phong c\u00e1ch.<\/p>\n<p>C\u00f9ng t\u00f4 \u0111i\u1ec3m s\u1eafc m\u00e0u cho ng\u00e0y m\u1edbi v\u1edbi Tourmaline nh\u00e9.<\/p>\n","protected":false},"featured_media":26794,"comment_status":"open","ping_status":"closed","template":"","meta":{"_et_pb_use_builder":"","_et_pb_old_content":"","_et_gb_content_width":"","wds_primary_product_cat":0},"product_cat":[57,54],"product_tag":[],"_links":{"self":[{"href":"https:\/\/maihistoria.com\/en\/wp-json\/wp\/v2\/product\/26821"}],"collection":[{"href":"https:\/\/maihistoria.com\/en\/wp-json\/wp\/v2\/product"}],"about":[{"href":"https:\/\/maihistoria.com\/en\/wp-json\/wp\/v2\/types\/product"}],"replies":[{"embeddable":true,"href":"https:\/\/maihistoria.com\/en\/wp-json\/wp\/v2\/comments?post=26821"}],"wp:featuredmedia":[{"embeddable":true,"href":"https:\/\/maihistoria.com\/en\/wp-json\/wp\/v2\/media\/26794"}],"wp:attachment":[{"href":"https:\/\/maihistoria.com\/en\/wp-json\/wp\/v2\/media?parent=26821"}],"wp:term":[{"taxonomy":"product_cat","embeddable":true,"href":"https:\/\/maihistoria.com\/en\/wp-json\/wp\/v2\/product_cat?post=26821"},{"taxonomy":"product_tag","embeddable":true,"href":"https:\/\/maihistoria.com\/en\/wp-json\/wp\/v2\/product_tag?post=26821"}],"curies":[{"name":"wp","href":"https:\/\/api.w.org\/{rel}","templated":true}]}}