{"id":26822,"date":"2025-09-01T17:09:46","date_gmt":"2025-09-01T10:09:46","guid":{"rendered":"https:\/\/maihistoria.com\/?post_type=product&#038;p=26822"},"modified":"2025-09-01T17:09:47","modified_gmt":"2025-09-01T10:09:47","slug":"set-vong-ruby","status":"publish","type":"product","link":"https:\/\/maihistoria.com\/en\/san-pham\/set-vong-ruby\/","title":{"rendered":"Set v\u00f2ng Ruby"},"content":{"rendered":"","protected":false},"excerpt":{"rendered":"<p>Ch\u1ea5t li\u1ec7u: \u0110\u00e1 Ruby<\/p>\n<p>S\u1eafc h\u1ed3ng \u0111\u1ecf \u0111\u1ea7y cu\u1ed1n h\u00fat c\u1ee7a Ruby kh\u00f4ng ch\u1ec9 t\u01b0\u1ee3ng tr\u01b0ng cho s\u1ef1 may m\u1eafn m\u00e0 c\u00f2n l\u00e0 bi\u1ec3u t\u01b0\u1ee3ng c\u1ee7a \u0111am m\u00ea v\u00e0 n\u0103ng l\u01b0\u1ee3ng t\u00edch c\u1ef1c. V\u1edbi thi\u1ebft k\u1ebf t\u1ed1i gi\u1ea3n nh\u01b0ng sang tr\u1ecdng, set v\u00f2ng n\u00e0y s\u1ebd gi\u00fap b\u1ea1n th\u00eam ph\u1ea7n r\u1ea1ng r\u1ee1 d\u00f9 trong nh\u1eefng d\u1ecbp \u0111\u1eb7c bi\u1ec7t hay ng\u00e0y th\u01b0\u1eddng.<\/p>\n","protected":false},"featured_media":26790,"comment_status":"open","ping_status":"closed","template":"","meta":{"_et_pb_use_builder":"","_et_pb_old_content":"","_et_gb_content_width":"","wds_primary_product_cat":0},"product_cat":[57,54],"product_tag":[],"_links":{"self":[{"href":"https:\/\/maihistoria.com\/en\/wp-json\/wp\/v2\/product\/26822"}],"collection":[{"href":"https:\/\/maihistoria.com\/en\/wp-json\/wp\/v2\/product"}],"about":[{"href":"https:\/\/maihistoria.com\/en\/wp-json\/wp\/v2\/types\/product"}],"replies":[{"embeddable":true,"href":"https:\/\/maihistoria.com\/en\/wp-json\/wp\/v2\/comments?post=26822"}],"wp:featuredmedia":[{"embeddable":true,"href":"https:\/\/maihistoria.com\/en\/wp-json\/wp\/v2\/media\/26790"}],"wp:attachment":[{"href":"https:\/\/maihistoria.com\/en\/wp-json\/wp\/v2\/media?parent=26822"}],"wp:term":[{"taxonomy":"product_cat","embeddable":true,"href":"https:\/\/maihistoria.com\/en\/wp-json\/wp\/v2\/product_cat?post=26822"},{"taxonomy":"product_tag","embeddable":true,"href":"https:\/\/maihistoria.com\/en\/wp-json\/wp\/v2\/product_tag?post=26822"}],"curies":[{"name":"wp","href":"https:\/\/api.w.org\/{rel}","templated":true}]}}