{"id":26823,"date":"2025-09-01T17:15:16","date_gmt":"2025-09-01T10:15:16","guid":{"rendered":"https:\/\/maihistoria.com\/?post_type=product&#038;p=26823"},"modified":"2025-09-01T17:15:16","modified_gmt":"2025-09-01T10:15:16","slug":"tourmaline-cau-vong-2","status":"publish","type":"product","link":"https:\/\/maihistoria.com\/en\/san-pham\/tourmaline-cau-vong-2\/","title":{"rendered":"Tourmaline C\u1ea7u V\u1ed3ng 2"},"content":{"rendered":"","protected":false},"excerpt":{"rendered":"<p>Ch\u1ea5t li\u1ec7u: \u0110\u00e1 Tourmaline<\/p>\n<p>V\u1eabn l\u00e0 nh\u1eefng d\u1ea3i m\u00e0u r\u1ef1c r\u1ee1 c\u1ee7a Tourmaline, nh\u01b0ng l\u1ea7n n\u00e0y, set v\u00f2ng \u0111\u01b0\u1ee3c thi\u1ebft k\u1ebf v\u1edbi h\u1ea1t \u0111\u00e1 nh\u1ecf h\u01a1n, mang \u0111\u1ebfn c\u1ea3m gi\u00e1c nh\u1eb9 nh\u00e0ng v\u00e0 thanh tho\u00e1t h\u01a1n. S\u1ef1 k\u1ebft h\u1ee3p h\u00e0i h\u00f2a gi\u1eefa s\u1eafc h\u1ed3ng, cam, xanh v\u00e0 teal t\u1ea1o n\u00ean \u0111i\u1ec3m nh\u1ea5n tinh t\u1ebf, gi\u00fap b\u1ea1n d\u1ec5 d\u00e0ng ph\u1ed1i c\u00f9ng m\u1ecdi phong c\u00e1ch, t\u1eeb d\u1ecbu d\u00e0ng \u0111\u1ebfn c\u00e1 t\u00ednh. \ud83c\udf38\ud83d\udc9b\ud83c\udf3f<\/p>\n<p>M\u1ed9t ch\u1ea5m m\u00e0u t\u01b0\u01a1i t\u1eafn cho nh\u1eefng ng\u00e0y tr\u00e0n \u0111\u1ea7y n\u0103ng l\u01b0\u1ee3ng \u2013 b\u1ea1n \u0111\u00e3 ch\u1ecdn \u0111\u01b0\u1ee3c gam m\u00e0u y\u00eau th\u00edch ch\u01b0a?<\/p>\n","protected":false},"featured_media":26806,"comment_status":"open","ping_status":"closed","template":"","meta":{"_et_pb_use_builder":"","_et_pb_old_content":"","_et_gb_content_width":"","wds_primary_product_cat":0},"product_cat":[57,54],"product_tag":[],"_links":{"self":[{"href":"https:\/\/maihistoria.com\/en\/wp-json\/wp\/v2\/product\/26823"}],"collection":[{"href":"https:\/\/maihistoria.com\/en\/wp-json\/wp\/v2\/product"}],"about":[{"href":"https:\/\/maihistoria.com\/en\/wp-json\/wp\/v2\/types\/product"}],"replies":[{"embeddable":true,"href":"https:\/\/maihistoria.com\/en\/wp-json\/wp\/v2\/comments?post=26823"}],"wp:featuredmedia":[{"embeddable":true,"href":"https:\/\/maihistoria.com\/en\/wp-json\/wp\/v2\/media\/26806"}],"wp:attachment":[{"href":"https:\/\/maihistoria.com\/en\/wp-json\/wp\/v2\/media?parent=26823"}],"wp:term":[{"taxonomy":"product_cat","embeddable":true,"href":"https:\/\/maihistoria.com\/en\/wp-json\/wp\/v2\/product_cat?post=26823"},{"taxonomy":"product_tag","embeddable":true,"href":"https:\/\/maihistoria.com\/en\/wp-json\/wp\/v2\/product_tag?post=26823"}],"curies":[{"name":"wp","href":"https:\/\/api.w.org\/{rel}","templated":true}]}}