{"id":26825,"date":"2025-09-01T17:35:48","date_gmt":"2025-09-01T10:35:48","guid":{"rendered":"https:\/\/maihistoria.com\/?post_type=product&#038;p=26825"},"modified":"2025-09-01T17:35:48","modified_gmt":"2025-09-01T10:35:48","slug":"set-vong-u-linh","status":"publish","type":"product","link":"https:\/\/maihistoria.com\/en\/san-pham\/set-vong-u-linh\/","title":{"rendered":"Set v\u00f2ng U Linh"},"content":{"rendered":"","protected":false},"excerpt":{"rendered":"<p>Ch\u1ea5t li\u1ec7u: Th\u1ea1ch Anh U Linh<\/p>\n<p>Vi\u00ean \u0111\u00e1 nh\u01b0 nh\u1eefng m\u1ea3nh thi\u00ean th\u1ea1ch t\u1eeb v\u0169 tr\u1ee5 \u2013 gi\u00fap thanh l\u1ecdc t\u00e2m tr\u00ed, gi\u1ea3i ph\u00f3ng n\u0103ng l\u01b0\u1ee3ng ti\u00eau c\u1ef1c v\u00e0 m\u1edf r\u1ed9ng k\u1ebft n\u1ed1i tinh th\u1ea7n. D\u00e0nh cho nh\u1eefng t\u00e2m h\u1ed3n kh\u00f4ng ng\u1eebng kh\u00e1m ph\u00e1 b\u1ea3n th\u1ec3<\/p>\n","protected":false},"featured_media":26840,"comment_status":"open","ping_status":"closed","template":"","meta":{"_et_pb_use_builder":"","_et_pb_old_content":"","_et_gb_content_width":"","wds_primary_product_cat":0},"product_cat":[56,57,54],"product_tag":[],"_links":{"self":[{"href":"https:\/\/maihistoria.com\/en\/wp-json\/wp\/v2\/product\/26825"}],"collection":[{"href":"https:\/\/maihistoria.com\/en\/wp-json\/wp\/v2\/product"}],"about":[{"href":"https:\/\/maihistoria.com\/en\/wp-json\/wp\/v2\/types\/product"}],"replies":[{"embeddable":true,"href":"https:\/\/maihistoria.com\/en\/wp-json\/wp\/v2\/comments?post=26825"}],"wp:featuredmedia":[{"embeddable":true,"href":"https:\/\/maihistoria.com\/en\/wp-json\/wp\/v2\/media\/26840"}],"wp:attachment":[{"href":"https:\/\/maihistoria.com\/en\/wp-json\/wp\/v2\/media?parent=26825"}],"wp:term":[{"taxonomy":"product_cat","embeddable":true,"href":"https:\/\/maihistoria.com\/en\/wp-json\/wp\/v2\/product_cat?post=26825"},{"taxonomy":"product_tag","embeddable":true,"href":"https:\/\/maihistoria.com\/en\/wp-json\/wp\/v2\/product_tag?post=26825"}],"curies":[{"name":"wp","href":"https:\/\/api.w.org\/{rel}","templated":true}]}}