{"id":27228,"date":"2025-09-01T17:41:25","date_gmt":"2025-09-01T10:41:25","guid":{"rendered":"https:\/\/maihistoria.com\/?post_type=product&#038;p=27228"},"modified":"2025-09-01T17:41:25","modified_gmt":"2025-09-01T10:41:25","slug":"set-vong-thach-anh-dau","status":"publish","type":"product","link":"https:\/\/maihistoria.com\/en\/san-pham\/set-vong-thach-anh-dau\/","title":{"rendered":"Set v\u00f2ng Th\u1ea1ch Anh D\u00e2u"},"content":{"rendered":"","protected":false},"excerpt":{"rendered":"<p>Ch\u1ea5t li\u1ec7u: Th\u1ea1ch Anh D\u00e2u<\/p>\n<p>Lo\u1ea1i \u0111\u00e1 t\u01b0\u1ee3ng tr\u01b0ng cho t\u00ecnh y\u00eau v\u00e0 s\u1ef1 ch\u1eefa l\u00e0nh \u2013 gi\u00fap thu h\u00fat n\u0103ng l\u01b0\u1ee3ng t\u00edch c\u1ef1c, l\u00e0m d\u1ecbu nh\u1eefng t\u1ed5n th\u01b0\u01a1ng trong l\u00f2ng v\u00e0 nu\u00f4i d\u01b0\u1ee1ng c\u1ea3m x\u00fac b\u1ec1n l\u00e2u. M\u1ed9t tinh t\u00fay ng\u1ecdt ng\u00e0o gi\u1eefa kh\u00f4ng gian bao la.<\/p>\n","protected":false},"featured_media":26838,"comment_status":"open","ping_status":"closed","template":"","meta":{"_et_pb_use_builder":"","_et_pb_old_content":"","_et_gb_content_width":"","wds_primary_product_cat":0},"product_cat":[56,57,54],"product_tag":[],"_links":{"self":[{"href":"https:\/\/maihistoria.com\/en\/wp-json\/wp\/v2\/product\/27228"}],"collection":[{"href":"https:\/\/maihistoria.com\/en\/wp-json\/wp\/v2\/product"}],"about":[{"href":"https:\/\/maihistoria.com\/en\/wp-json\/wp\/v2\/types\/product"}],"replies":[{"embeddable":true,"href":"https:\/\/maihistoria.com\/en\/wp-json\/wp\/v2\/comments?post=27228"}],"wp:featuredmedia":[{"embeddable":true,"href":"https:\/\/maihistoria.com\/en\/wp-json\/wp\/v2\/media\/26838"}],"wp:attachment":[{"href":"https:\/\/maihistoria.com\/en\/wp-json\/wp\/v2\/media?parent=27228"}],"wp:term":[{"taxonomy":"product_cat","embeddable":true,"href":"https:\/\/maihistoria.com\/en\/wp-json\/wp\/v2\/product_cat?post=27228"},{"taxonomy":"product_tag","embeddable":true,"href":"https:\/\/maihistoria.com\/en\/wp-json\/wp\/v2\/product_tag?post=27228"}],"curies":[{"name":"wp","href":"https:\/\/api.w.org\/{rel}","templated":true}]}}