{"id":27232,"date":"2025-09-01T17:51:18","date_gmt":"2025-09-01T10:51:18","guid":{"rendered":"https:\/\/maihistoria.com\/?post_type=product&#038;p=27232"},"modified":"2025-09-01T17:51:18","modified_gmt":"2025-09-01T10:51:18","slug":"set-vong-labradorite","status":"publish","type":"product","link":"https:\/\/maihistoria.com\/en\/san-pham\/set-vong-labradorite\/","title":{"rendered":"Set v\u00f2ng Labradorite"},"content":{"rendered":"","protected":false},"excerpt":{"rendered":"<p>Ch\u1ea5t li\u1ec7u: Labradorite<\/p>\n<p>Lo\u1ea1i \u0111\u00e1 v\u1edbi \u00e1nh x\u00e0 c\u1eeb k\u1ef3 \u1ea3o n\u00e0y gi\u00fap b\u1ea3o v\u1ec7 n\u0103ng l\u01b0\u1ee3ng c\u00e1 nh\u00e2n, kh\u01a1i g\u1ee3i tr\u1ef1c gi\u00e1c v\u00e0 gi\u1eef t\u00e2m tr\u00ed \u0111\u01b0\u1ee3c v\u1eefng v\u00e0ng nh\u01b0 m\u1ed9t qu\u1ef9 \u0111\u1ea1o \u1ed5n \u0111\u1ecbnh gi\u1eefa v\u0169 tr\u1ee5. D\u00e0nh cho nh\u1eefng ai lu\u00f4n t\u00ecm ki\u1ebfm s\u1ef1 k\u1ebft n\u1ed1i s\u00e2u s\u1eafc v\u1edbi ch\u00ednh m\u00ecnh.<\/p>\n","protected":false},"featured_media":26828,"comment_status":"open","ping_status":"closed","template":"","meta":{"_et_pb_use_builder":"","_et_pb_old_content":"","_et_gb_content_width":"","wds_primary_product_cat":0},"product_cat":[56,57,54],"product_tag":[],"_links":{"self":[{"href":"https:\/\/maihistoria.com\/en\/wp-json\/wp\/v2\/product\/27232"}],"collection":[{"href":"https:\/\/maihistoria.com\/en\/wp-json\/wp\/v2\/product"}],"about":[{"href":"https:\/\/maihistoria.com\/en\/wp-json\/wp\/v2\/types\/product"}],"replies":[{"embeddable":true,"href":"https:\/\/maihistoria.com\/en\/wp-json\/wp\/v2\/comments?post=27232"}],"wp:featuredmedia":[{"embeddable":true,"href":"https:\/\/maihistoria.com\/en\/wp-json\/wp\/v2\/media\/26828"}],"wp:attachment":[{"href":"https:\/\/maihistoria.com\/en\/wp-json\/wp\/v2\/media?parent=27232"}],"wp:term":[{"taxonomy":"product_cat","embeddable":true,"href":"https:\/\/maihistoria.com\/en\/wp-json\/wp\/v2\/product_cat?post=27232"},{"taxonomy":"product_tag","embeddable":true,"href":"https:\/\/maihistoria.com\/en\/wp-json\/wp\/v2\/product_tag?post=27232"}],"curies":[{"name":"wp","href":"https:\/\/api.w.org\/{rel}","templated":true}]}}