{"id":27233,"date":"2025-09-01T17:56:55","date_gmt":"2025-09-01T10:56:55","guid":{"rendered":"https:\/\/maihistoria.com\/?post_type=product&#038;p=27233"},"modified":"2025-09-01T17:56:55","modified_gmt":"2025-09-01T10:56:55","slug":"set-vong-thach-anh-hong","status":"publish","type":"product","link":"https:\/\/maihistoria.com\/en\/san-pham\/set-vong-thach-anh-hong\/","title":{"rendered":"Set v\u00f2ng Th\u1ea1ch Anh H\u1ed3ng"},"content":{"rendered":"","protected":false},"excerpt":{"rendered":"<p>Ch\u1ea5t li\u1ec7u: Th\u1ea1ch Anh H\u1ed3ng<\/p>\n<p>\u0110\u00e1 c\u1ee7a tr\u00e1i tim \u2013 lan t\u1ecfa n\u0103ng l\u01b0\u1ee3ng y\u00eau th\u01b0\u01a1ng, ch\u1eefa l\u00e0nh t\u1ed5n th\u01b0\u01a1ng c\u1ea3m x\u00fac v\u00e0 gi\u00fap b\u1ea1n m\u1edf l\u00f2ng v\u1edbi th\u1ebf gi\u1edbi xung quanh. Nh\u1eb9 nh\u00e0ng m\u00e0 \u0111\u1ea7y s\u1ee9c m\u1ea1nh, nh\u01b0 \u00e1nh tr\u0103ng gi\u1eefa v\u0169 tr\u1ee5 t\u0129nh l\u1eb7ng.<\/p>\n","protected":false},"featured_media":26842,"comment_status":"open","ping_status":"closed","template":"","meta":{"_et_pb_use_builder":"","_et_pb_old_content":"","_et_gb_content_width":"","wds_primary_product_cat":0},"product_cat":[56,57,54],"product_tag":[],"_links":{"self":[{"href":"https:\/\/maihistoria.com\/en\/wp-json\/wp\/v2\/product\/27233"}],"collection":[{"href":"https:\/\/maihistoria.com\/en\/wp-json\/wp\/v2\/product"}],"about":[{"href":"https:\/\/maihistoria.com\/en\/wp-json\/wp\/v2\/types\/product"}],"replies":[{"embeddable":true,"href":"https:\/\/maihistoria.com\/en\/wp-json\/wp\/v2\/comments?post=27233"}],"wp:featuredmedia":[{"embeddable":true,"href":"https:\/\/maihistoria.com\/en\/wp-json\/wp\/v2\/media\/26842"}],"wp:attachment":[{"href":"https:\/\/maihistoria.com\/en\/wp-json\/wp\/v2\/media?parent=27233"}],"wp:term":[{"taxonomy":"product_cat","embeddable":true,"href":"https:\/\/maihistoria.com\/en\/wp-json\/wp\/v2\/product_cat?post=27233"},{"taxonomy":"product_tag","embeddable":true,"href":"https:\/\/maihistoria.com\/en\/wp-json\/wp\/v2\/product_tag?post=27233"}],"curies":[{"name":"wp","href":"https:\/\/api.w.org\/{rel}","templated":true}]}}