{"id":27234,"date":"2025-09-01T18:02:46","date_gmt":"2025-09-01T11:02:46","guid":{"rendered":"https:\/\/maihistoria.com\/?post_type=product&#038;p=27234"},"modified":"2025-09-01T18:02:46","modified_gmt":"2025-09-01T11:02:46","slug":"set-vong-thach-anh-tim","status":"publish","type":"product","link":"https:\/\/maihistoria.com\/en\/san-pham\/set-vong-thach-anh-tim\/","title":{"rendered":"Set v\u00f2ng Th\u1ea1ch Anh T\u00edm"},"content":{"rendered":"","protected":false},"excerpt":{"rendered":"<p>Ch\u1ea5t li\u1ec7u: Th\u1ea1ch Anh T\u00edm<\/p>\n<p>Vi\u00ean \u0111\u00e1 c\u1ee7a tr\u00ed tu\u1ec7 v\u00e0 s\u1ef1 t\u1ec9nh th\u1ee9c \u2013 gi\u00fap l\u00e0m d\u1ecbu t\u00e2m tr\u00ed, h\u1ed7 tr\u1ee3 thi\u1ec1n \u0111\u1ecbnh v\u00e0 b\u1ea3o v\u1ec7 b\u1ea1n kh\u1ecfi n\u0103ng l\u01b0\u1ee3ng ti\u00eau c\u1ef1c. Nh\u01b0 m\u1ed9t v\u00ec sao t\u00edm huy\u1ec1n b\u00ed soi s\u00e1ng h\u00e0nh tr\u00ecnh n\u1ed9i t\u00e2m.<\/p>\n","protected":false},"featured_media":26844,"comment_status":"open","ping_status":"closed","template":"","meta":{"_et_pb_use_builder":"","_et_pb_old_content":"","_et_gb_content_width":"","wds_primary_product_cat":0},"product_cat":[56,57,54],"product_tag":[],"_links":{"self":[{"href":"https:\/\/maihistoria.com\/en\/wp-json\/wp\/v2\/product\/27234"}],"collection":[{"href":"https:\/\/maihistoria.com\/en\/wp-json\/wp\/v2\/product"}],"about":[{"href":"https:\/\/maihistoria.com\/en\/wp-json\/wp\/v2\/types\/product"}],"replies":[{"embeddable":true,"href":"https:\/\/maihistoria.com\/en\/wp-json\/wp\/v2\/comments?post=27234"}],"wp:featuredmedia":[{"embeddable":true,"href":"https:\/\/maihistoria.com\/en\/wp-json\/wp\/v2\/media\/26844"}],"wp:attachment":[{"href":"https:\/\/maihistoria.com\/en\/wp-json\/wp\/v2\/media?parent=27234"}],"wp:term":[{"taxonomy":"product_cat","embeddable":true,"href":"https:\/\/maihistoria.com\/en\/wp-json\/wp\/v2\/product_cat?post=27234"},{"taxonomy":"product_tag","embeddable":true,"href":"https:\/\/maihistoria.com\/en\/wp-json\/wp\/v2\/product_tag?post=27234"}],"curies":[{"name":"wp","href":"https:\/\/api.w.org\/{rel}","templated":true}]}}