{"id":27235,"date":"2025-09-01T18:06:51","date_gmt":"2025-09-01T11:06:51","guid":{"rendered":"https:\/\/maihistoria.com\/?post_type=product&#038;p=27235"},"modified":"2025-09-01T18:06:51","modified_gmt":"2025-09-01T11:06:51","slug":"set-vong-ma-nao-hoa","status":"publish","type":"product","link":"https:\/\/maihistoria.com\/en\/san-pham\/set-vong-ma-nao-hoa\/","title":{"rendered":"Set v\u00f2ng M\u00e3 N\u00e3o Hoa"},"content":{"rendered":"","protected":false},"excerpt":{"rendered":"<p>Ch\u1ea5t li\u1ec7u: M\u00e3 N\u00e3o Hoa<\/p>\n<p>N\u00e9t \u0111\u1eb9p n\u1ed5i b\u1eadt v\u00e0 tr\u00e0n \u0111\u1ea7y sinh kh\u00ed \u2013 gi\u00fap c\u00e2n b\u1eb1ng c\u1ea3m x\u00fac, mang l\u1ea1i s\u1ef1 an y\u00ean v\u00e0 g\u1ee3i m\u1edf s\u00e1ng t\u1ea1o. Nh\u01b0 m\u1ed9t ti\u1ec3u h\u00e0nh tinh mang h\u01b0\u01a1ng hoa l\u1ea1 tr\u00f4i gi\u1eefa d\u1ea3i ng\u00e2n h\u00e0.<\/p>\n","protected":false},"featured_media":26846,"comment_status":"open","ping_status":"closed","template":"","meta":{"_et_pb_use_builder":"","_et_pb_old_content":"","_et_gb_content_width":"","wds_primary_product_cat":0},"product_cat":[56,57,54],"product_tag":[],"_links":{"self":[{"href":"https:\/\/maihistoria.com\/en\/wp-json\/wp\/v2\/product\/27235"}],"collection":[{"href":"https:\/\/maihistoria.com\/en\/wp-json\/wp\/v2\/product"}],"about":[{"href":"https:\/\/maihistoria.com\/en\/wp-json\/wp\/v2\/types\/product"}],"replies":[{"embeddable":true,"href":"https:\/\/maihistoria.com\/en\/wp-json\/wp\/v2\/comments?post=27235"}],"wp:featuredmedia":[{"embeddable":true,"href":"https:\/\/maihistoria.com\/en\/wp-json\/wp\/v2\/media\/26846"}],"wp:attachment":[{"href":"https:\/\/maihistoria.com\/en\/wp-json\/wp\/v2\/media?parent=27235"}],"wp:term":[{"taxonomy":"product_cat","embeddable":true,"href":"https:\/\/maihistoria.com\/en\/wp-json\/wp\/v2\/product_cat?post=27235"},{"taxonomy":"product_tag","embeddable":true,"href":"https:\/\/maihistoria.com\/en\/wp-json\/wp\/v2\/product_tag?post=27235"}],"curies":[{"name":"wp","href":"https:\/\/api.w.org\/{rel}","templated":true}]}}