{"id":27237,"date":"2025-09-01T18:22:44","date_gmt":"2025-09-01T11:22:44","guid":{"rendered":"https:\/\/maihistoria.com\/?post_type=product&#038;p=27237"},"modified":"2025-09-01T18:22:44","modified_gmt":"2025-09-01T11:22:44","slug":"set-vong-peridot","status":"publish","type":"product","link":"https:\/\/maihistoria.com\/en\/san-pham\/set-vong-peridot\/","title":{"rendered":"Set v\u00f2ng Peridot"},"content":{"rendered":"","protected":false},"excerpt":{"rendered":"<p>Ch\u1ea5t li\u1ec7u: Peridot<\/p>\n<p>Lo\u1ea1i \u0111\u00e1 \u0111\u1ea1i di\u1ec7n cho \u00e1nh s\u00e1ng \u2013 gi\u00fap thu h\u00fat may m\u1eafn, m\u1edf r\u1ed9ng tr\u00e1i tim v\u00e0 gi\u1eef t\u00e2m tr\u00ed t\u00edch c\u1ef1c. Nh\u01b0 m\u1ed9t h\u00e0nh tinh nh\u1ecf t\u1ecfa s\u00e1ng gi\u1eefa v\u0169 tr\u1ee5 m\u00eanh m\u00f4ng.<\/p>\n","protected":false},"featured_media":26850,"comment_status":"open","ping_status":"closed","template":"","meta":{"_et_pb_use_builder":"","_et_pb_old_content":"","_et_gb_content_width":"","wds_primary_product_cat":0},"product_cat":[56,57,54],"product_tag":[],"_links":{"self":[{"href":"https:\/\/maihistoria.com\/en\/wp-json\/wp\/v2\/product\/27237"}],"collection":[{"href":"https:\/\/maihistoria.com\/en\/wp-json\/wp\/v2\/product"}],"about":[{"href":"https:\/\/maihistoria.com\/en\/wp-json\/wp\/v2\/types\/product"}],"replies":[{"embeddable":true,"href":"https:\/\/maihistoria.com\/en\/wp-json\/wp\/v2\/comments?post=27237"}],"wp:featuredmedia":[{"embeddable":true,"href":"https:\/\/maihistoria.com\/en\/wp-json\/wp\/v2\/media\/26850"}],"wp:attachment":[{"href":"https:\/\/maihistoria.com\/en\/wp-json\/wp\/v2\/media?parent=27237"}],"wp:term":[{"taxonomy":"product_cat","embeddable":true,"href":"https:\/\/maihistoria.com\/en\/wp-json\/wp\/v2\/product_cat?post=27237"},{"taxonomy":"product_tag","embeddable":true,"href":"https:\/\/maihistoria.com\/en\/wp-json\/wp\/v2\/product_tag?post=27237"}],"curies":[{"name":"wp","href":"https:\/\/api.w.org\/{rel}","templated":true}]}}