{"id":27239,"date":"2025-09-01T18:37:11","date_gmt":"2025-09-01T11:37:11","guid":{"rendered":"https:\/\/maihistoria.com\/?post_type=product&#038;p=27239"},"modified":"2025-09-01T18:37:11","modified_gmt":"2025-09-01T11:37:11","slug":"set-vong-da-dao-hoa","status":"publish","type":"product","link":"https:\/\/maihistoria.com\/en\/san-pham\/set-vong-da-dao-hoa\/","title":{"rendered":"Set v\u00f2ng \u0110\u00e1 \u0110\u00e0o Hoa"},"content":{"rendered":"","protected":false},"excerpt":{"rendered":"<p>Ch\u1ea5t li\u1ec7u: \u0110\u00e0o Hoa Th\u1ea1ch<\/p>\n<p>Mang n\u0103ng l\u01b0\u1ee3ng thu h\u00fat t\u00ecnh y\u00eau v\u00e0 s\u1ef1 duy\u00ean d\u00e1ng \u2013 gi\u00fap m\u1edf r\u1ed9ng k\u1ebft n\u1ed1i, l\u00e0m d\u1ecbu c\u1ea3m x\u00fac v\u00e0 t\u1ecfa ra s\u1ee9c h\u00fat d\u1ecbu d\u00e0ng nh\u01b0 m\u1ed9t v\u1ec7 tinh tr\u00e0n \u0111\u1ea7y c\u1ea3m h\u1ee9ng.<\/p>\n","protected":false},"featured_media":26858,"comment_status":"open","ping_status":"closed","template":"","meta":{"_et_pb_use_builder":"","_et_pb_old_content":"","_et_gb_content_width":"","wds_primary_product_cat":0},"product_cat":[56,57,54],"product_tag":[],"_links":{"self":[{"href":"https:\/\/maihistoria.com\/en\/wp-json\/wp\/v2\/product\/27239"}],"collection":[{"href":"https:\/\/maihistoria.com\/en\/wp-json\/wp\/v2\/product"}],"about":[{"href":"https:\/\/maihistoria.com\/en\/wp-json\/wp\/v2\/types\/product"}],"replies":[{"embeddable":true,"href":"https:\/\/maihistoria.com\/en\/wp-json\/wp\/v2\/comments?post=27239"}],"wp:featuredmedia":[{"embeddable":true,"href":"https:\/\/maihistoria.com\/en\/wp-json\/wp\/v2\/media\/26858"}],"wp:attachment":[{"href":"https:\/\/maihistoria.com\/en\/wp-json\/wp\/v2\/media?parent=27239"}],"wp:term":[{"taxonomy":"product_cat","embeddable":true,"href":"https:\/\/maihistoria.com\/en\/wp-json\/wp\/v2\/product_cat?post=27239"},{"taxonomy":"product_tag","embeddable":true,"href":"https:\/\/maihistoria.com\/en\/wp-json\/wp\/v2\/product_tag?post=27239"}],"curies":[{"name":"wp","href":"https:\/\/api.w.org\/{rel}","templated":true}]}}