{"id":27240,"date":"2025-09-01T18:43:57","date_gmt":"2025-09-01T11:43:57","guid":{"rendered":"https:\/\/maihistoria.com\/?post_type=product&#038;p=27240"},"modified":"2025-09-01T18:43:57","modified_gmt":"2025-09-01T11:43:57","slug":"set-vong-amazonite","status":"publish","type":"product","link":"https:\/\/maihistoria.com\/en\/san-pham\/set-vong-amazonite\/","title":{"rendered":"Set v\u00f2ng Amazonite"},"content":{"rendered":"","protected":false},"excerpt":{"rendered":"<p>Ch\u1ea5t li\u1ec7u: Amazonite<\/p>\n<p>Vi\u00ean \u0111\u00e1 c\u1ee7a s\u1ef1 th\u1eadt v\u00e0 s\u1ef1 t\u1ef1 do \u2013 gi\u00fap b\u1ea1n n\u00f3i ra \u0111i\u1ec1u m\u00ecnh ngh\u0129, s\u1ed1ng \u0111\u00fang v\u1edbi b\u1ea3n ng\u00e3 v\u00e0 gi\u1eef s\u1ef1 an y\u00ean trong t\u00e2m h\u1ed3n. Nh\u01b0 m\u1ed9t ti\u1ec3u h\u00e0nh tinh d\u1ecbu m\u00e1t gi\u1eefa c\u01a1n b\u00e3o c\u1ea3m x\u00fac.<\/p>\n","protected":false},"featured_media":26862,"comment_status":"open","ping_status":"closed","template":"","meta":{"_et_pb_use_builder":"","_et_pb_old_content":"","_et_gb_content_width":"","wds_primary_product_cat":0},"product_cat":[56,57,54],"product_tag":[],"_links":{"self":[{"href":"https:\/\/maihistoria.com\/en\/wp-json\/wp\/v2\/product\/27240"}],"collection":[{"href":"https:\/\/maihistoria.com\/en\/wp-json\/wp\/v2\/product"}],"about":[{"href":"https:\/\/maihistoria.com\/en\/wp-json\/wp\/v2\/types\/product"}],"replies":[{"embeddable":true,"href":"https:\/\/maihistoria.com\/en\/wp-json\/wp\/v2\/comments?post=27240"}],"wp:featuredmedia":[{"embeddable":true,"href":"https:\/\/maihistoria.com\/en\/wp-json\/wp\/v2\/media\/26862"}],"wp:attachment":[{"href":"https:\/\/maihistoria.com\/en\/wp-json\/wp\/v2\/media?parent=27240"}],"wp:term":[{"taxonomy":"product_cat","embeddable":true,"href":"https:\/\/maihistoria.com\/en\/wp-json\/wp\/v2\/product_cat?post=27240"},{"taxonomy":"product_tag","embeddable":true,"href":"https:\/\/maihistoria.com\/en\/wp-json\/wp\/v2\/product_tag?post=27240"}],"curies":[{"name":"wp","href":"https:\/\/api.w.org\/{rel}","templated":true}]}}