{"id":27241,"date":"2025-09-01T18:54:34","date_gmt":"2025-09-01T11:54:34","guid":{"rendered":"https:\/\/maihistoria.com\/?post_type=product&#038;p=27241"},"modified":"2025-09-01T18:54:34","modified_gmt":"2025-09-01T11:54:34","slug":"set-vong-amber","status":"publish","type":"product","link":"https:\/\/maihistoria.com\/en\/san-pham\/set-vong-amber\/","title":{"rendered":"Set v\u00f2ng Amber"},"content":{"rendered":"","protected":false},"excerpt":{"rendered":"<p>Ch\u1ea5t li\u1ec7u: H\u1ed5 Ph\u00e1ch (Amber)<\/p>\n<p>Tinh t\u00fay c\u1ed5 \u0111\u1ea1i t\u1eeb thi\u00ean nhi\u00ean \u2013 gi\u00fap b\u1ea3o v\u1ec7 n\u0103ng l\u01b0\u1ee3ng s\u1ed1ng, t\u0103ng c\u01b0\u1eddng s\u1ee9c kh\u1ecfe v\u00e0 mang l\u1ea1i s\u1ef1 \u1ea5m \u00e1p nh\u1eb9 nh\u00e0ng. Nh\u01b0 m\u1ed9t m\u1ea3nh \u00e1nh s\u00e1ng v\u00e0ng tr\u00f4i d\u1ea1t gi\u1eefa d\u1ea3i ng\u00e2n h\u00e0.<\/p>\n","protected":false},"featured_media":26864,"comment_status":"open","ping_status":"closed","template":"","meta":{"_et_pb_use_builder":"","_et_pb_old_content":"","_et_gb_content_width":"","wds_primary_product_cat":0},"product_cat":[56,57,54],"product_tag":[],"_links":{"self":[{"href":"https:\/\/maihistoria.com\/en\/wp-json\/wp\/v2\/product\/27241"}],"collection":[{"href":"https:\/\/maihistoria.com\/en\/wp-json\/wp\/v2\/product"}],"about":[{"href":"https:\/\/maihistoria.com\/en\/wp-json\/wp\/v2\/types\/product"}],"replies":[{"embeddable":true,"href":"https:\/\/maihistoria.com\/en\/wp-json\/wp\/v2\/comments?post=27241"}],"wp:featuredmedia":[{"embeddable":true,"href":"https:\/\/maihistoria.com\/en\/wp-json\/wp\/v2\/media\/26864"}],"wp:attachment":[{"href":"https:\/\/maihistoria.com\/en\/wp-json\/wp\/v2\/media?parent=27241"}],"wp:term":[{"taxonomy":"product_cat","embeddable":true,"href":"https:\/\/maihistoria.com\/en\/wp-json\/wp\/v2\/product_cat?post=27241"},{"taxonomy":"product_tag","embeddable":true,"href":"https:\/\/maihistoria.com\/en\/wp-json\/wp\/v2\/product_tag?post=27241"}],"curies":[{"name":"wp","href":"https:\/\/api.w.org\/{rel}","templated":true}]}}