{"id":27242,"date":"2025-09-01T18:59:53","date_gmt":"2025-09-01T11:59:53","guid":{"rendered":"https:\/\/maihistoria.com\/?post_type=product&#038;p=27242"},"modified":"2025-09-01T18:59:53","modified_gmt":"2025-09-01T11:59:53","slug":"set-vong-moonstone-1","status":"publish","type":"product","link":"https:\/\/maihistoria.com\/en\/san-pham\/set-vong-moonstone-1\/","title":{"rendered":"Set v\u00f2ng Moonstone 1"},"content":{"rendered":"","protected":false},"excerpt":{"rendered":"<p>Ch\u1ea5t li\u1ec7u: Moonstone<\/p>\n<p>Lo\u1ea1i \u0111\u00e1 c\u1ee7a tr\u1ef1c gi\u00e1c v\u00e0 c\u1ea3m x\u00fac d\u1ecbu \u00eam \u2013 gi\u00fap c\u00e2n b\u1eb1ng n\u0103ng l\u01b0\u1ee3ng n\u1eef t\u00ednh, k\u1ebft n\u1ed1i v\u1edbi c\u1ea3m x\u00fac s\u00e2u b\u00ean trong nh\u01b0 \u00e1nh tr\u0103ng tr\u00f4i gi\u1eefa d\u1ea3i ng\u00e2n h\u00e0.<\/p>\n","protected":false},"featured_media":27054,"comment_status":"open","ping_status":"closed","template":"","meta":{"_et_pb_use_builder":"","_et_pb_old_content":"","_et_gb_content_width":"","wds_primary_product_cat":0},"product_cat":[56,57,54],"product_tag":[],"_links":{"self":[{"href":"https:\/\/maihistoria.com\/en\/wp-json\/wp\/v2\/product\/27242"}],"collection":[{"href":"https:\/\/maihistoria.com\/en\/wp-json\/wp\/v2\/product"}],"about":[{"href":"https:\/\/maihistoria.com\/en\/wp-json\/wp\/v2\/types\/product"}],"replies":[{"embeddable":true,"href":"https:\/\/maihistoria.com\/en\/wp-json\/wp\/v2\/comments?post=27242"}],"wp:featuredmedia":[{"embeddable":true,"href":"https:\/\/maihistoria.com\/en\/wp-json\/wp\/v2\/media\/27054"}],"wp:attachment":[{"href":"https:\/\/maihistoria.com\/en\/wp-json\/wp\/v2\/media?parent=27242"}],"wp:term":[{"taxonomy":"product_cat","embeddable":true,"href":"https:\/\/maihistoria.com\/en\/wp-json\/wp\/v2\/product_cat?post=27242"},{"taxonomy":"product_tag","embeddable":true,"href":"https:\/\/maihistoria.com\/en\/wp-json\/wp\/v2\/product_tag?post=27242"}],"curies":[{"name":"wp","href":"https:\/\/api.w.org\/{rel}","templated":true}]}}