{"id":27244,"date":"2025-09-01T19:08:36","date_gmt":"2025-09-01T12:08:36","guid":{"rendered":"https:\/\/maihistoria.com\/?post_type=product&#038;p=27244"},"modified":"2025-09-01T19:08:36","modified_gmt":"2025-09-01T12:08:36","slug":"set-vong-turquoise-bau-duc","status":"publish","type":"product","link":"https:\/\/maihistoria.com\/en\/san-pham\/set-vong-turquoise-bau-duc\/","title":{"rendered":"Set v\u00f2ng Turquoise (b\u1ea7u d\u1ee5c)"},"content":{"rendered":"","protected":false},"excerpt":{"rendered":"<p>Ch\u1ea5t li\u1ec7u: Turquoise<\/p>\n<p>Vi\u00ean \u0111\u00e1 bi\u1ec3u t\u01b0\u1ee3ng c\u1ee7a s\u1ef1 b\u1ea3o v\u1ec7 v\u00e0 ch\u1eefa l\u00e0nh \u2013 gi\u00fap b\u1ea1n v\u1eefng v\u00e0ng gi\u1eefa th\u1eed th\u00e1ch nh\u01b0 m\u1ed9t thi\u00ean th\u1ec3 b\u1ec1n v\u1eefng xoay quanh qu\u1ef9 \u0111\u1ea1o ri\u00eang.<\/p>\n","protected":false},"featured_media":27030,"comment_status":"open","ping_status":"closed","template":"","meta":{"_et_pb_use_builder":"","_et_pb_old_content":"","_et_gb_content_width":"","wds_primary_product_cat":0},"product_cat":[56,57,54],"product_tag":[],"_links":{"self":[{"href":"https:\/\/maihistoria.com\/en\/wp-json\/wp\/v2\/product\/27244"}],"collection":[{"href":"https:\/\/maihistoria.com\/en\/wp-json\/wp\/v2\/product"}],"about":[{"href":"https:\/\/maihistoria.com\/en\/wp-json\/wp\/v2\/types\/product"}],"replies":[{"embeddable":true,"href":"https:\/\/maihistoria.com\/en\/wp-json\/wp\/v2\/comments?post=27244"}],"wp:featuredmedia":[{"embeddable":true,"href":"https:\/\/maihistoria.com\/en\/wp-json\/wp\/v2\/media\/27030"}],"wp:attachment":[{"href":"https:\/\/maihistoria.com\/en\/wp-json\/wp\/v2\/media?parent=27244"}],"wp:term":[{"taxonomy":"product_cat","embeddable":true,"href":"https:\/\/maihistoria.com\/en\/wp-json\/wp\/v2\/product_cat?post=27244"},{"taxonomy":"product_tag","embeddable":true,"href":"https:\/\/maihistoria.com\/en\/wp-json\/wp\/v2\/product_tag?post=27244"}],"curies":[{"name":"wp","href":"https:\/\/api.w.org\/{rel}","templated":true}]}}