{"id":27246,"date":"2025-09-01T19:16:44","date_gmt":"2025-09-01T12:16:44","guid":{"rendered":"https:\/\/maihistoria.com\/?post_type=product&#038;p=27246"},"modified":"2025-09-01T19:17:36","modified_gmt":"2025-09-01T12:17:36","slug":"set-vong-turquoise-tho","status":"publish","type":"product","link":"https:\/\/maihistoria.com\/en\/san-pham\/set-vong-turquoise-tho\/","title":{"rendered":"Set v\u00f2ng Turquoise (th\u00f4)"},"content":{"rendered":"","protected":false},"excerpt":{"rendered":"<p>Ch\u1ea5t li\u1ec7u: Turquoise<\/p>\n<p>V\u1ebb \u0111\u1eb9p m\u1ed9c m\u1ea1c nh\u01b0ng \u0111\u1ea7y s\u1ee9c m\u1ea1nh \u2013 vi\u00ean \u0111\u00e1 nh\u01b0 m\u1ea3nh thi\u00ean th\u1ea1ch c\u1ed5 x\u01b0a, mang n\u0103ng l\u01b0\u1ee3ng b\u1ea3o v\u1ec7 v\u00e0 k\u1ebft n\u1ed1i v\u1edbi thi\u00ean nhi\u00ean thu\u1ea7n khi\u1ebft.<\/p>\n","protected":false},"featured_media":27040,"comment_status":"open","ping_status":"closed","template":"","meta":{"_et_pb_use_builder":"","_et_pb_old_content":"","_et_gb_content_width":"","wds_primary_product_cat":0},"product_cat":[56,57,54],"product_tag":[],"_links":{"self":[{"href":"https:\/\/maihistoria.com\/en\/wp-json\/wp\/v2\/product\/27246"}],"collection":[{"href":"https:\/\/maihistoria.com\/en\/wp-json\/wp\/v2\/product"}],"about":[{"href":"https:\/\/maihistoria.com\/en\/wp-json\/wp\/v2\/types\/product"}],"replies":[{"embeddable":true,"href":"https:\/\/maihistoria.com\/en\/wp-json\/wp\/v2\/comments?post=27246"}],"wp:featuredmedia":[{"embeddable":true,"href":"https:\/\/maihistoria.com\/en\/wp-json\/wp\/v2\/media\/27040"}],"wp:attachment":[{"href":"https:\/\/maihistoria.com\/en\/wp-json\/wp\/v2\/media?parent=27246"}],"wp:term":[{"taxonomy":"product_cat","embeddable":true,"href":"https:\/\/maihistoria.com\/en\/wp-json\/wp\/v2\/product_cat?post=27246"},{"taxonomy":"product_tag","embeddable":true,"href":"https:\/\/maihistoria.com\/en\/wp-json\/wp\/v2\/product_tag?post=27246"}],"curies":[{"name":"wp","href":"https:\/\/api.w.org\/{rel}","templated":true}]}}