{"id":27247,"date":"2025-09-01T19:26:07","date_gmt":"2025-09-01T12:26:07","guid":{"rendered":"https:\/\/maihistoria.com\/?post_type=product&#038;p=27247"},"modified":"2025-09-01T19:26:08","modified_gmt":"2025-09-01T12:26:08","slug":"set-vong-thach-anh-tim-1","status":"publish","type":"product","link":"https:\/\/maihistoria.com\/en\/san-pham\/set-vong-thach-anh-tim-1\/","title":{"rendered":"Set v\u00f2ng Th\u1ea1ch Anh T\u00edm 1"},"content":{"rendered":"","protected":false},"excerpt":{"rendered":"<p>Ch\u1ea5t li\u1ec7u: Th\u1ea1ch Anh T\u00edm<\/p>\n<p>Vi\u00ean \u0111\u00e1 c\u1ee7a s\u1ef1 c\u00e2n b\u1eb1ng v\u00e0 khai s\u00e1ng \u2013 gi\u00fap thanh l\u1ecdc n\u0103ng l\u01b0\u1ee3ng v\u00e0 k\u1ebft n\u1ed1i v\u1edbi t\u1ea7ng s\u00e2u t\u00e2m th\u1ee9c. Nh\u01b0 m\u1ed9t v\u00ec sao t\u00edm th\u1ea7m l\u1eb7ng t\u1ecfa s\u00e1ng.<\/p>\n","protected":false},"featured_media":26866,"comment_status":"open","ping_status":"closed","template":"","meta":{"_et_pb_use_builder":"","_et_pb_old_content":"","_et_gb_content_width":"","wds_primary_product_cat":0},"product_cat":[56,57,54],"product_tag":[],"_links":{"self":[{"href":"https:\/\/maihistoria.com\/en\/wp-json\/wp\/v2\/product\/27247"}],"collection":[{"href":"https:\/\/maihistoria.com\/en\/wp-json\/wp\/v2\/product"}],"about":[{"href":"https:\/\/maihistoria.com\/en\/wp-json\/wp\/v2\/types\/product"}],"replies":[{"embeddable":true,"href":"https:\/\/maihistoria.com\/en\/wp-json\/wp\/v2\/comments?post=27247"}],"wp:featuredmedia":[{"embeddable":true,"href":"https:\/\/maihistoria.com\/en\/wp-json\/wp\/v2\/media\/26866"}],"wp:attachment":[{"href":"https:\/\/maihistoria.com\/en\/wp-json\/wp\/v2\/media?parent=27247"}],"wp:term":[{"taxonomy":"product_cat","embeddable":true,"href":"https:\/\/maihistoria.com\/en\/wp-json\/wp\/v2\/product_cat?post=27247"},{"taxonomy":"product_tag","embeddable":true,"href":"https:\/\/maihistoria.com\/en\/wp-json\/wp\/v2\/product_tag?post=27247"}],"curies":[{"name":"wp","href":"https:\/\/api.w.org\/{rel}","templated":true}]}}