{"id":27248,"date":"2025-09-01T19:31:49","date_gmt":"2025-09-01T12:31:49","guid":{"rendered":"https:\/\/maihistoria.com\/?post_type=product&#038;p=27248"},"modified":"2025-09-01T19:31:49","modified_gmt":"2025-09-01T12:31:49","slug":"set-vong-thach-anh-tim-2","status":"publish","type":"product","link":"https:\/\/maihistoria.com\/en\/san-pham\/set-vong-thach-anh-tim-2\/","title":{"rendered":"Set v\u00f2ng Th\u1ea1ch Anh T\u00edm 2"},"content":{"rendered":"","protected":false},"excerpt":{"rendered":"<p>Ch\u1ea5t li\u1ec7u: Th\u1ea1ch Anh T\u00edm<\/p>\n<p>Khi n\u1ed9i t\u00e2m t\u0129nh l\u1eb7ng c\u0169ng l\u00e0 l\u00fac tr\u1ef1c gi\u00e1c l\u00ean ti\u1ebfng \u2013 Th\u1ea1ch Anh T\u00edm n\u00e2ng t\u1ea7m n\u0103ng l\u01b0\u1ee3ng tinh th\u1ea7n, \u0111\u01b0a b\u1ea1n \u0111\u1ebfn v\u00f9ng s\u00e1ng s\u00e2u trong t\u00e2m tr\u00ed.<\/p>\n","protected":false},"featured_media":27072,"comment_status":"open","ping_status":"closed","template":"","meta":{"_et_pb_use_builder":"","_et_pb_old_content":"","_et_gb_content_width":"","wds_primary_product_cat":0},"product_cat":[56,57,54],"product_tag":[],"_links":{"self":[{"href":"https:\/\/maihistoria.com\/en\/wp-json\/wp\/v2\/product\/27248"}],"collection":[{"href":"https:\/\/maihistoria.com\/en\/wp-json\/wp\/v2\/product"}],"about":[{"href":"https:\/\/maihistoria.com\/en\/wp-json\/wp\/v2\/types\/product"}],"replies":[{"embeddable":true,"href":"https:\/\/maihistoria.com\/en\/wp-json\/wp\/v2\/comments?post=27248"}],"wp:featuredmedia":[{"embeddable":true,"href":"https:\/\/maihistoria.com\/en\/wp-json\/wp\/v2\/media\/27072"}],"wp:attachment":[{"href":"https:\/\/maihistoria.com\/en\/wp-json\/wp\/v2\/media?parent=27248"}],"wp:term":[{"taxonomy":"product_cat","embeddable":true,"href":"https:\/\/maihistoria.com\/en\/wp-json\/wp\/v2\/product_cat?post=27248"},{"taxonomy":"product_tag","embeddable":true,"href":"https:\/\/maihistoria.com\/en\/wp-json\/wp\/v2\/product_tag?post=27248"}],"curies":[{"name":"wp","href":"https:\/\/api.w.org\/{rel}","templated":true}]}}