{"id":27250,"date":"2025-09-01T19:47:05","date_gmt":"2025-09-01T12:47:05","guid":{"rendered":"https:\/\/maihistoria.com\/?post_type=product&#038;p=27250"},"modified":"2025-09-01T19:47:05","modified_gmt":"2025-09-01T12:47:05","slug":"set-vong-va-bong-tai-sac-mau","status":"publish","type":"product","link":"https:\/\/maihistoria.com\/en\/san-pham\/set-vong-va-bong-tai-sac-mau\/","title":{"rendered":"Set v\u00f2ng v\u00e0 b\u00f4ng tai S\u1eafc M\u00e0u"},"content":{"rendered":"","protected":false},"excerpt":{"rendered":"<p>Ch\u1ea5t li\u1ec7u: C\u01b0\u1eddm<\/p>\n<p>M\u1ed9t b\u1ea3n ho\u00e0 ca r\u1ef1c r\u1ee1 t\u1eeb nh\u1eefng s\u1eafc m\u00e0u, mang l\u1ea1i cho b\u1ea1n v\u1ebb \u0111\u1eb9p n\u1ed5i b\u1eadt v\u00e0 c\u00e1 t\u00ednh trong m\u1ecdi kho\u1ea3nh kh\u1eafc. Set trang s\u1ee9c kh\u00f4ng ch\u1ec9 l\u00e0 \u0111i\u1ec3m nh\u1ea5n th\u1eddi trang m\u00e0 c\u00f2n l\u00e0 l\u1eddi kh\u1eb3ng \u0111\u1ecbnh phong c\u00e1ch ri\u00eang.<\/p>\n","protected":false},"featured_media":27202,"comment_status":"open","ping_status":"closed","template":"","meta":{"_et_pb_use_builder":"","_et_pb_old_content":"","_et_gb_content_width":"","wds_primary_product_cat":0},"product_cat":[62,58,57,54],"product_tag":[],"_links":{"self":[{"href":"https:\/\/maihistoria.com\/en\/wp-json\/wp\/v2\/product\/27250"}],"collection":[{"href":"https:\/\/maihistoria.com\/en\/wp-json\/wp\/v2\/product"}],"about":[{"href":"https:\/\/maihistoria.com\/en\/wp-json\/wp\/v2\/types\/product"}],"replies":[{"embeddable":true,"href":"https:\/\/maihistoria.com\/en\/wp-json\/wp\/v2\/comments?post=27250"}],"wp:featuredmedia":[{"embeddable":true,"href":"https:\/\/maihistoria.com\/en\/wp-json\/wp\/v2\/media\/27202"}],"wp:attachment":[{"href":"https:\/\/maihistoria.com\/en\/wp-json\/wp\/v2\/media?parent=27250"}],"wp:term":[{"taxonomy":"product_cat","embeddable":true,"href":"https:\/\/maihistoria.com\/en\/wp-json\/wp\/v2\/product_cat?post=27250"},{"taxonomy":"product_tag","embeddable":true,"href":"https:\/\/maihistoria.com\/en\/wp-json\/wp\/v2\/product_tag?post=27250"}],"curies":[{"name":"wp","href":"https:\/\/api.w.org\/{rel}","templated":true}]}}